{"id":18,"date":"2015-02-20T20:01:05","date_gmt":"2015-02-20T20:01:05","guid":{"rendered":"http:\/\/trementino.edu.co\/sitio\/?page_id=18"},"modified":"2015-03-05T06:07:44","modified_gmt":"2015-03-05T06:07:44","slug":"directiva","status":"publish","type":"page","link":"http:\/\/tercermilenio.edu.co\/sitio\/gestion\/directiva\/","title":{"rendered":"Directiva"},"content":{"rendered":"<p><img loading=\"lazy\" class=\"aligncenter size-full wp-image-124\" src=\"http:\/\/tercermilenio.edu.co\/sitio\/wp-content\/uploads\/2015\/02\/gestion.png\" alt=\"gestion\" width=\"720\" height=\"150\" \/><\/p>\n<p style=\"text-align: justify;\">La Gesti\u00f3n Directiva de la Instituci\u00f3n Educativa Tercer Milenio est\u00e1 enmarcada en el desarrollo de un programa de convivencia educativa, con el fin de garantizar una sana interacci\u00f3n entre los actores del proceso educativo (directivos, docentes, estudiantes y padres de familias), brind\u00e1ndole a la <strong><em>comunidad milenista<\/em><\/strong> una continua y eficaz ense\u00f1anza, seleccionando un personal docente id\u00f3neo en las diferentes \u00e1reas del curr\u00edculo.<\/p>\n<p style=\"text-align: justify;\">Lideramos procesos de seguimiento acad\u00e9mico y disciplinario de los estudiantes, mediante sistemas de intercomunicaci\u00f3n entre la instituci\u00f3n y padres de familia a trav\u00e9s de correos electr\u00f3nicos institucionales.<\/p>\n<p style=\"text-align: justify;\">Gestionamos e impartimos programas de capacitaci\u00f3n en inform\u00e1tica frente al manejo de las TIC como herramienta pedag\u00f3gica (Gu\u00edas weblesson) y seminarios de cualificaci\u00f3n profesional para los docentes.<\/p>\n","protected":false},"excerpt":{"rendered":"<p>La Gesti\u00f3n Directiva de la Instituci\u00f3n Educativa Tercer Milenio est\u00e1 enmarcada en el desarrollo de un programa de convivencia educativa, con el fin de garantizar una sana interacci\u00f3n entre los actores del proceso educativo&#46;&#46;&#46;<\/p>\n","protected":false},"author":1,"featured_media":0,"parent":16,"menu_order":0,"comment_status":"open","ping_status":"open","template":"","meta":{"_mc_calendar":[]},"_links":{"self":[{"href":"http:\/\/tercermilenio.edu.co\/sitio\/wp-json\/wp\/v2\/pages\/18"}],"collection":[{"href":"http:\/\/tercermilenio.edu.co\/sitio\/wp-json\/wp\/v2\/pages"}],"about":[{"href":"http:\/\/tercermilenio.edu.co\/sitio\/wp-json\/wp\/v2\/types\/page"}],"author":[{"embeddable":true,"href":"http:\/\/tercermilenio.edu.co\/sitio\/wp-json\/wp\/v2\/users\/1"}],"replies":[{"embeddable":true,"href":"http:\/\/tercermilenio.edu.co\/sitio\/wp-json\/wp\/v2\/comments?post=18"}],"version-history":[{"count":5,"href":"http:\/\/tercermilenio.edu.co\/sitio\/wp-json\/wp\/v2\/pages\/18\/revisions"}],"predecessor-version":[{"id":315,"href":"http:\/\/tercermilenio.edu.co\/sitio\/wp-json\/wp\/v2\/pages\/18\/revisions\/315"}],"up":[{"embeddable":true,"href":"http:\/\/tercermilenio.edu.co\/sitio\/wp-json\/wp\/v2\/pages\/16"}],"wp:attachment":[{"href":"http:\/\/tercermilenio.edu.co\/sitio\/wp-json\/wp\/v2\/media?parent=18"}],"curies":[{"name":"wp","href":"https:\/\/api.w.org\/{rel}","templated":true}]}}