{"id":194,"date":"2015-03-04T18:27:23","date_gmt":"2015-03-04T18:27:23","guid":{"rendered":"http:\/\/tercermilenio.edu.co\/sitio\/?page_id=194"},"modified":"2016-04-07T11:16:47","modified_gmt":"2016-04-07T16:16:47","slug":"informativos-2","status":"publish","type":"page","link":"http:\/\/tercermilenio.edu.co\/sitio\/informativos-2\/","title":{"rendered":"Informativos"},"content":{"rendered":"<p>Corozal, 05 de abril de 2016<\/p>\n<p>Se\u00f1or (a)<br \/>\nPADRE DE FAMILIA Y\/O ACUDIENTE MILENISTA<br \/>\nCordial saludo<\/p>\n<div class=\"text_exposed_show\">\n<p>Asunto: Entrega de Informes primer periodo acad\u00e9mico a\u00f1o 2016<\/p>\n<p>Reciban un afectuoso saludo de paz y bien, dese\u00e1ndoles muchas bendiciones y \u00e9xitos en este d\u00eda.<\/p>\n<p>Mediante la presente les informamos que el pr\u00f3ximo viernes 08 de abril se llevar\u00e1 a cabo la entrega de informes acad\u00e9micos correspondientes al primer periodo a\u00f1o escolar 2016; por tal motivo, No habr\u00e1 clases. Lo (la) invitamos a que se acerque a recibir el reporte del proceso formativo de su hijo (a) a partir de las 6:30 a.m. hasta la 01:00 p.m. de manera personalizada y por orden de llegada en nuestras instalaciones.<\/p>\n<p>Agradecemos de antemano su atenci\u00f3n y esperamos contar con su presencia para tener el gusto de atenderlo (a)<\/p>\n<\/div>\n<ul class=\"lcp_catlist\" id=\"lcp_instance_0\"><li><a href=\"http:\/\/tercermilenio.edu.co\/sitio\/aeronautica-civil-concurso-de-medio-ambiente\/\">Aeron\u00e1utica Civil, concurso de Medio Ambiente<\/a><\/li><li><a href=\"http:\/\/tercermilenio.edu.co\/sitio\/estudiante-milenista-participara-en-orquesta-filarmonica-uninorte\/\">Estudiante Milenista participar\u00e1 en orquesta filarm\u00f3nica UniNorte<\/a><\/li><li><a href=\"http:\/\/tercermilenio.edu.co\/sitio\/jornada-de-vacunacion-con-toxoide-tetanicodifterico\/\">Jornada de vacunaci\u00f3n con Toxoide Tet\u00e1nico\/Dift\u00e9rico<\/a><\/li><li><a href=\"http:\/\/tercermilenio.edu.co\/sitio\/reporte-de-prematriculas-en-simat-2012\/\">Reporte de prematr\u00edculas en SIMAT 2012<\/a><\/li><li><a href=\"http:\/\/tercermilenio.edu.co\/sitio\/charla-pedagogica-un-mejor-porvenir-grados-8o-y-9o\/\">Charla pedag\u00f3gica \u00abUn mejor porvenir\u00bb GRADOS 8\u00ba Y 9\u00ba<\/a><\/li><li><a href=\"http:\/\/tercermilenio.edu.co\/sitio\/noticia-9\/\">VIII Encuentro Departamental de Semilleros de Investigaci\u00f3n en el cual participar\u00e1n los estudiantes de la instituci\u00f3n<\/a><\/li><li><a href=\"http:\/\/tercermilenio.edu.co\/sitio\/google-for-education\/\">Google for Education<\/a><\/li><\/ul>\n<p style=\"text-align: center;\"><strong>\u00a0 VIII Encuentro Departamental de Semilleros de Investigaci\u00f3n en el cual van a participar los estudiantes de la instituci\u00f3n.<\/strong><\/p>\n<p><a href=\"http:\/\/tercermilenio.edu.co\/sitio\/wp-content\/uploads\/2015\/03\/Semillero-de-Investigaci\u00f3n88888.jpg\"><img loading=\"lazy\" class=\" size-medium wp-image-393 aligncenter\" src=\"http:\/\/tercermilenio.edu.co\/sitio\/wp-content\/uploads\/2015\/03\/Semillero-de-Investigaci\u00f3n88888-300x187.jpg\" alt=\"Semillero de Investigaci\u00f3n88888\" width=\"300\" height=\"187\" srcset=\"http:\/\/tercermilenio.edu.co\/sitio\/wp-content\/uploads\/2015\/03\/Semillero-de-Investigaci\u00f3n88888-300x187.jpg 300w, http:\/\/tercermilenio.edu.co\/sitio\/wp-content\/uploads\/2015\/03\/Semillero-de-Investigaci\u00f3n88888-1024x638.jpg 1024w\" sizes=\"(max-width: 300px) 100vw, 300px\" \/><\/a><\/p>\n","protected":false},"excerpt":{"rendered":"<p>Corozal, 05 de abril de 2016 Se\u00f1or (a) PADRE DE FAMILIA Y\/O ACUDIENTE MILENISTA Cordial saludo Asunto: Entrega de Informes primer periodo acad\u00e9mico a\u00f1o 2016 Reciban un afectuoso saludo de paz y bien, dese\u00e1ndoles&#46;&#46;&#46;<\/p>\n","protected":false},"author":1,"featured_media":0,"parent":0,"menu_order":0,"comment_status":"open","ping_status":"open","template":"","meta":{"_mc_calendar":[]},"_links":{"self":[{"href":"http:\/\/tercermilenio.edu.co\/sitio\/wp-json\/wp\/v2\/pages\/194"}],"collection":[{"href":"http:\/\/tercermilenio.edu.co\/sitio\/wp-json\/wp\/v2\/pages"}],"about":[{"href":"http:\/\/tercermilenio.edu.co\/sitio\/wp-json\/wp\/v2\/types\/page"}],"author":[{"embeddable":true,"href":"http:\/\/tercermilenio.edu.co\/sitio\/wp-json\/wp\/v2\/users\/1"}],"replies":[{"embeddable":true,"href":"http:\/\/tercermilenio.edu.co\/sitio\/wp-json\/wp\/v2\/comments?post=194"}],"version-history":[{"count":29,"href":"http:\/\/tercermilenio.edu.co\/sitio\/wp-json\/wp\/v2\/pages\/194\/revisions"}],"predecessor-version":[{"id":484,"href":"http:\/\/tercermilenio.edu.co\/sitio\/wp-json\/wp\/v2\/pages\/194\/revisions\/484"}],"wp:attachment":[{"href":"http:\/\/tercermilenio.edu.co\/sitio\/wp-json\/wp\/v2\/media?parent=194"}],"curies":[{"name":"wp","href":"https:\/\/api.w.org\/{rel}","templated":true}]}}