{"id":24,"date":"2015-02-20T20:01:44","date_gmt":"2015-02-20T20:01:44","guid":{"rendered":"http:\/\/trementino.edu.co\/sitio\/?page_id=24"},"modified":"2015-03-17T16:55:41","modified_gmt":"2015-03-17T16:55:41","slug":"comunidad","status":"publish","type":"page","link":"http:\/\/tercermilenio.edu.co\/sitio\/gestion\/comunidad\/","title":{"rendered":"Comunidad"},"content":{"rendered":"<p><img loading=\"lazy\" class=\"aligncenter size-full wp-image-124\" src=\"http:\/\/tercermilenio.edu.co\/sitio\/wp-content\/uploads\/2015\/02\/gestion.png\" alt=\"gestion\" width=\"720\" height=\"150\" \/><\/p>\n<p style=\"text-align: justify;\">En la Instituci\u00f3n Educativa Tercer Milenio ofrecemos un servicio educativo a todas las clases sociales en especial a las m\u00e1s vulnerables de la regi\u00f3n, bajo un enfoque de educaci\u00f3n inclusiva con calidad. Contribuimos al desarrollo y mejoramiento personal, acad\u00e9mico y social de los ni\u00f1os (as) y j\u00f3venes del municipio de Corozal y sus alrededores.<\/p>\n<p style=\"text-align: justify;\">Fomentamos desde las manifestaciones folkl\u00f3ricas y aut\u00f3ctonas propias del entorno sabanero, el reconocimiento de los valores culturales y personales de la regi\u00f3n.<\/p>\n<p style=\"text-align: justify;\">Hacemos del servicio social un proyecto en funci\u00f3n de mejorar las condiciones culturales y de vida del hombre frente al manejo responsable de los recursos que el entorno nos ofrece.<\/p>\n<p><\/p>\n<p style=\"text-align: center;\"><img loading=\"lazy\" class=\" size-full wp-image-230\" src=\"http:\/\/tercermilenio.edu.co\/sitio\/wp-content\/uploads\/2015\/02\/bailadores2.jpg\" alt=\"bailadores2\" width=\"150\" height=\"90\" \/> <img loading=\"lazy\" class=\" size-full wp-image-231\" src=\"http:\/\/tercermilenio.edu.co\/sitio\/wp-content\/uploads\/2015\/02\/biblioteca21.jpg\" alt=\"biblioteca2\" width=\"150\" height=\"90\" \/> <img loading=\"lazy\" class=\" size-full wp-image-233\" src=\"http:\/\/tercermilenio.edu.co\/sitio\/wp-content\/uploads\/2015\/02\/cicloruta.jpg\" alt=\"cicloruta\" width=\"150\" height=\"90\" \/> <img loading=\"lazy\" class=\" size-full wp-image-234\" src=\"http:\/\/tercermilenio.edu.co\/sitio\/wp-content\/uploads\/2015\/02\/desfile1.jpg\" alt=\"desfile1\" width=\"150\" height=\"90\" \/> <img loading=\"lazy\" class=\" size-full wp-image-235\" src=\"http:\/\/tercermilenio.edu.co\/sitio\/wp-content\/uploads\/2015\/02\/diaidioma.jpg\" alt=\"diaidioma\" width=\"150\" height=\"90\" \/><\/p>\n","protected":false},"excerpt":{"rendered":"<p>En la Instituci\u00f3n Educativa Tercer Milenio ofrecemos un servicio educativo a todas las clases sociales en especial a las m\u00e1s vulnerables de la regi\u00f3n, bajo un enfoque de educaci\u00f3n inclusiva con calidad. Contribuimos al&#46;&#46;&#46;<\/p>\n","protected":false},"author":1,"featured_media":0,"parent":16,"menu_order":0,"comment_status":"open","ping_status":"open","template":"","meta":{"_mc_calendar":[]},"_links":{"self":[{"href":"http:\/\/tercermilenio.edu.co\/sitio\/wp-json\/wp\/v2\/pages\/24"}],"collection":[{"href":"http:\/\/tercermilenio.edu.co\/sitio\/wp-json\/wp\/v2\/pages"}],"about":[{"href":"http:\/\/tercermilenio.edu.co\/sitio\/wp-json\/wp\/v2\/types\/page"}],"author":[{"embeddable":true,"href":"http:\/\/tercermilenio.edu.co\/sitio\/wp-json\/wp\/v2\/users\/1"}],"replies":[{"embeddable":true,"href":"http:\/\/tercermilenio.edu.co\/sitio\/wp-json\/wp\/v2\/comments?post=24"}],"version-history":[{"count":10,"href":"http:\/\/tercermilenio.edu.co\/sitio\/wp-json\/wp\/v2\/pages\/24\/revisions"}],"predecessor-version":[{"id":356,"href":"http:\/\/tercermilenio.edu.co\/sitio\/wp-json\/wp\/v2\/pages\/24\/revisions\/356"}],"up":[{"embeddable":true,"href":"http:\/\/tercermilenio.edu.co\/sitio\/wp-json\/wp\/v2\/pages\/16"}],"wp:attachment":[{"href":"http:\/\/tercermilenio.edu.co\/sitio\/wp-json\/wp\/v2\/media?parent=24"}],"curies":[{"name":"wp","href":"https:\/\/api.w.org\/{rel}","templated":true}]}}