{"id":26,"date":"2015-02-20T20:02:03","date_gmt":"2015-02-20T20:02:03","guid":{"rendered":"http:\/\/trementino.edu.co\/sitio\/?page_id=26"},"modified":"2015-03-05T05:20:34","modified_gmt":"2015-03-05T05:20:34","slug":"que-hacemos","status":"publish","type":"page","link":"http:\/\/tercermilenio.edu.co\/sitio\/gestion\/que-hacemos\/","title":{"rendered":"\u00bfQu\u00e9 hacemos?"},"content":{"rendered":"<p><img loading=\"lazy\" class=\"aligncenter size-full wp-image-131\" src=\"http:\/\/tercermilenio.edu.co\/sitio\/wp-content\/uploads\/2015\/02\/HACEMOS.png\" alt=\"hacemos\" width=\"720\" height=\"150\" \/><\/p>\n<p style=\"text-align: justify;\">Como innovaci\u00f3n pedag\u00f3gica para responder a los nuevos retos educativos, se desarrollan los siguientes proyectos como eje transversal en todas las \u00e1reas del curr\u00edculo.<\/p>\n<ul style=\"text-align: justify;\">\n<li><img loading=\"lazy\" class=\" size-full wp-image-246 alignleft\" src=\"http:\/\/tercermilenio.edu.co\/sitio\/wp-content\/uploads\/2015\/02\/preescolar.jpg\" alt=\"preescolar\" width=\"150\" height=\"90\" \/> El proyecto de <strong>Filosof\u00eda para ni\u00f1os<\/strong>, que tiene como objetivo desarrollar procesos y habilidades de pensamiento en los ni\u00f1os, mediante la aplicaci\u00f3n de la estrategia pedag\u00f3gica denominada <strong>\u201cComunidad de Indagaci\u00f3n\u201d.\u00a0<\/strong><\/li>\n<\/ul>\n<div class=\"clearfix\"><\/div>\n<ul>\n<li><img loading=\"lazy\" class=\" size-full wp-image-248 alignleft\" src=\"http:\/\/tercermilenio.edu.co\/sitio\/wp-content\/uploads\/2015\/02\/sebastian.jpg\" alt=\"sebastian\" width=\"150\" height=\"90\" \/>El proyecto de autoestima denominado <strong>Personaje<\/strong><strong> la Q<\/strong><strong>uincena<\/strong> en la que participan activamente los padres de familia, alumnos, docentes y directivos.\n<\/li>\n<\/ul>\n<div class=\"clearfix\"><\/div>\n<ul>\n<li><img loading=\"lazy\" src=\"http:\/\/tercermilenio.edu.co\/sitio\/wp-content\/uploads\/2015\/02\/decimo1.jpg\" alt=\"decimo\" width=\"150\" height=\"90\" class=\"alignleft size-full wp-image-242\" \/>El proyecto de <strong>disciplina con amor<\/strong> en el aula de clases. En donde la sanci\u00f3n es reemplazada por soluci\u00f3n.<\/li>\n<\/ul>\n<div class=\"clearfix\"><\/div>\n<ul>\n<li><img loading=\"lazy\" class=\" size-full wp-image-247 alignleft\" src=\"http:\/\/tercermilenio.edu.co\/sitio\/wp-content\/uploads\/2015\/02\/quincena.jpg\" alt=\"quincena\" width=\"150\" height=\"90\" \/> El proyecto <strong>Emisora Voces Infantiles Milenistas<\/strong>, que tiene como prop\u00f3sito desarrollar las habilidades comunicativas de los ni\u00f1os en sus cuatro aspectos: escuchar, hablar, leer y escribir.<\/li>\n<div class=\"clearfix\"><\/div>\n<li><img loading=\"lazy\" class=\" size-full wp-image-245 alignleft\" src=\"http:\/\/tercermilenio.edu.co\/sitio\/wp-content\/uploads\/2015\/02\/personajes1.jpg\" alt=\"personajes1\" width=\"150\" height=\"90\" \/> Los proyectos de Educaci\u00f3n Sexual, Ambiental, Democracia y Urbanidad que se desarrollan como eje transversal.<\/li>\n<div class=\"clearfix\"><\/div>\n<li>El proyecto de integraci\u00f3n familiar que se realiza cada a\u00f1o en la sede campestre.<\/li>\n<div class=\"clearfix\"><\/div>\n<li><img loading=\"lazy\" src=\"http:\/\/tercermilenio.edu.co\/sitio\/wp-content\/uploads\/2015\/02\/katerine.jpg\" alt=\"katerine\" width=\"150\" height=\"90\" class=\"alignleft size-full wp-image-244\" \/>Proyecto Escuela de padres.<\/li>\n<div class=\"clearfix\"><\/div>\n<li><a href=\"http:\/\/tercermilenio.edu.co\/sitio\/wp-content\/uploads\/2015\/02\/fonoaudiologa1.jpg\"><img loading=\"lazy\" src=\"http:\/\/tercermilenio.edu.co\/sitio\/wp-content\/uploads\/2015\/02\/fonoaudiologa1.jpg\" alt=\"fonoaudiologa1\" width=\"150\" height=\"90\" class=\"alignleft size-full wp-image-243\" \/><\/a>Proyecto de Psicorientaci\u00f3n.<\/li>\n<\/ul>\n","protected":false},"excerpt":{"rendered":"<p>Como innovaci\u00f3n pedag\u00f3gica para responder a los nuevos retos educativos, se desarrollan los siguientes proyectos como eje transversal en todas las \u00e1reas del curr\u00edculo. El proyecto de Filosof\u00eda para ni\u00f1os, que tiene como objetivo&#46;&#46;&#46;<\/p>\n","protected":false},"author":1,"featured_media":0,"parent":16,"menu_order":0,"comment_status":"open","ping_status":"open","template":"","meta":{"_mc_calendar":[]},"_links":{"self":[{"href":"http:\/\/tercermilenio.edu.co\/sitio\/wp-json\/wp\/v2\/pages\/26"}],"collection":[{"href":"http:\/\/tercermilenio.edu.co\/sitio\/wp-json\/wp\/v2\/pages"}],"about":[{"href":"http:\/\/tercermilenio.edu.co\/sitio\/wp-json\/wp\/v2\/types\/page"}],"author":[{"embeddable":true,"href":"http:\/\/tercermilenio.edu.co\/sitio\/wp-json\/wp\/v2\/users\/1"}],"replies":[{"embeddable":true,"href":"http:\/\/tercermilenio.edu.co\/sitio\/wp-json\/wp\/v2\/comments?post=26"}],"version-history":[{"count":27,"href":"http:\/\/tercermilenio.edu.co\/sitio\/wp-json\/wp\/v2\/pages\/26\/revisions"}],"predecessor-version":[{"id":302,"href":"http:\/\/tercermilenio.edu.co\/sitio\/wp-json\/wp\/v2\/pages\/26\/revisions\/302"}],"up":[{"embeddable":true,"href":"http:\/\/tercermilenio.edu.co\/sitio\/wp-json\/wp\/v2\/pages\/16"}],"wp:attachment":[{"href":"http:\/\/tercermilenio.edu.co\/sitio\/wp-json\/wp\/v2\/media?parent=26"}],"curies":[{"name":"wp","href":"https:\/\/api.w.org\/{rel}","templated":true}]}}