{"id":44,"date":"2015-02-20T20:13:27","date_gmt":"2015-02-20T20:13:27","guid":{"rendered":"http:\/\/trementino.edu.co\/sitio\/?page_id=44"},"modified":"2015-03-16T18:57:34","modified_gmt":"2015-03-16T18:57:34","slug":"perfil-institucional","status":"publish","type":"page","link":"http:\/\/tercermilenio.edu.co\/sitio\/la-institucion\/perfil-institucional\/","title":{"rendered":"Perfil Institucional"},"content":{"rendered":"<p><img loading=\"lazy\" class=\"aligncenter size-full wp-image-293\" src=\"http:\/\/tercermilenio.edu.co\/sitio\/wp-content\/uploads\/2015\/02\/institu.png\" alt=\"institu\" width=\"720\" height=\"150\" srcset=\"http:\/\/tercermilenio.edu.co\/sitio\/wp-content\/uploads\/2015\/02\/institu.png 720w, http:\/\/tercermilenio.edu.co\/sitio\/wp-content\/uploads\/2015\/02\/institu-300x63.png 300w\" sizes=\"(max-width: 720px) 100vw, 720px\" \/><\/p>\n<p style=\"text-align: justify;\">La Instituci\u00f3n Educativa Tercer Milenio es un ente de car\u00e1cter privado, la cual proporciona una s\u00f3lida formaci\u00f3n \u00e9tica y moral fomentando la pr\u00e1ctica del respeto a los derechos humanos, formar la personalidad y la capacidad de asumir con responsabilidad y autonom\u00eda derechos y deberes mediante acciones estructuradas de integralidad del ser.<\/p>\n<h3 style=\"text-align: justify;\"><strong>MISI\u00d3N:<\/strong><\/h3>\n<p style=\"text-align: justify;\">Formaci\u00f3n de un estudiante integralmente id\u00f3neo, a trav\u00e9s de pr\u00e1cticas humanistas y personalistas que le posibiliten en armon\u00eda con la naturaleza, elevar el nivel de vida y la continuidad en el sistema educativo.\u00a0Somos una instituci\u00f3n con tecnolog\u00eda de punta aplicando las TIC (Tecnolog\u00edas de Informaci\u00f3n y la Comunicaci\u00f3n) en todas las \u00e1reas y niveles que ofrece el Tercer Milenio donde todos los miembros de la comunidad educativa interact\u00faan mediante un sistema de comunicaci\u00f3n virtual.<\/p>\n<p style=\"text-align: justify;\"><img loading=\"lazy\" src=\"http:\/\/www.tercermilenio.edu.co\/site\/leonardo\/bicentenario1.jpg\" alt=\"\" width=\"150\" height=\"90\" border=\"0\" \/><img loading=\"lazy\" src=\"http:\/\/www.tercermilenio.edu.co\/site\/leonardo\/prejardin1.jpg\" alt=\"\" width=\"150\" height=\"90\" border=\"0\" \/><img src=\"http:\/\/www.tercermilenio.edu.co\/site\/leonardo\/personajes1.jpg\" alt=\"\" border=\"0\" \/><\/p>\n<h3 style=\"text-align: justify;\"><strong>VISI\u00d3N:<\/strong><\/h3>\n<p style=\"text-align: justify;\">La Instituci\u00f3n Educativa Tercer Milenio prepara a sus estudiantes para que al formarse como egresados milenistas, sean profesionales competentes e integrales, ciudadanos gestores de cambio en los distintos campos de la ciencia, la tecnolog\u00eda y la comunidad, con un gran sentido de responsabilidad, cooperaci\u00f3n, constancia, capacidad de compromiso con la identidad propia y respeto por el otro.<\/p>\n<p style=\"text-align: justify;\"><img loading=\"lazy\" src=\"http:\/\/www.tercermilenio.edu.co\/site\/leonardo\/investigacion1.jpg\" alt=\"\" width=\"150\" height=\"90\" border=\"0\" \/><\/p>\n<h3 style=\"text-align: justify;\"><strong>FILOSOFIA:<\/strong><\/h3>\n<p style=\"text-align: justify;\">La Instituci\u00f3n Educativa Tercer Milenio, se fundamenta en la concepci\u00f3n de un ser integral en permanente formaci\u00f3n personal. La base de dicha concepci\u00f3n, est\u00e1 referida al reconocimiento de todos los miembros de la comunidad educativa (padres de familia, docentes, directivos y administrativos) que el educando es una persona en formaci\u00f3n. Por tal raz\u00f3n, el plan de estudios y la labor pedag\u00f3gica institucional tendr\u00e1n como prop\u00f3sito central, orientar al estudiante para que sea una persona competente, participante, cr\u00edtica, responsable, investigador del saber cient\u00edfico, t\u00e9cnico y art\u00edstico.<\/p>\n<p style=\"text-align: justify;\"><img src=\"http:\/\/www.tercermilenio.edu.co\/site\/leonardo\/clases1.jpg\" alt=\"\" border=\"0\" \/><\/p>\n","protected":false},"excerpt":{"rendered":"<p>La Instituci\u00f3n Educativa Tercer Milenio es un ente de car\u00e1cter privado, la cual proporciona una s\u00f3lida formaci\u00f3n \u00e9tica y moral fomentando la pr\u00e1ctica del respeto a los derechos humanos, formar la personalidad y la&#46;&#46;&#46;<\/p>\n","protected":false},"author":1,"featured_media":0,"parent":2,"menu_order":0,"comment_status":"open","ping_status":"open","template":"","meta":{"_mc_calendar":[]},"_links":{"self":[{"href":"http:\/\/tercermilenio.edu.co\/sitio\/wp-json\/wp\/v2\/pages\/44"}],"collection":[{"href":"http:\/\/tercermilenio.edu.co\/sitio\/wp-json\/wp\/v2\/pages"}],"about":[{"href":"http:\/\/tercermilenio.edu.co\/sitio\/wp-json\/wp\/v2\/types\/page"}],"author":[{"embeddable":true,"href":"http:\/\/tercermilenio.edu.co\/sitio\/wp-json\/wp\/v2\/users\/1"}],"replies":[{"embeddable":true,"href":"http:\/\/tercermilenio.edu.co\/sitio\/wp-json\/wp\/v2\/comments?post=44"}],"version-history":[{"count":10,"href":"http:\/\/tercermilenio.edu.co\/sitio\/wp-json\/wp\/v2\/pages\/44\/revisions"}],"predecessor-version":[{"id":345,"href":"http:\/\/tercermilenio.edu.co\/sitio\/wp-json\/wp\/v2\/pages\/44\/revisions\/345"}],"up":[{"embeddable":true,"href":"http:\/\/tercermilenio.edu.co\/sitio\/wp-json\/wp\/v2\/pages\/2"}],"wp:attachment":[{"href":"http:\/\/tercermilenio.edu.co\/sitio\/wp-json\/wp\/v2\/media?parent=44"}],"curies":[{"name":"wp","href":"https:\/\/api.w.org\/{rel}","templated":true}]}}