{"id":48,"date":"2015-02-20T20:14:00","date_gmt":"2015-02-20T20:14:00","guid":{"rendered":"http:\/\/trementino.edu.co\/sitio\/?page_id=48"},"modified":"2015-03-05T05:11:36","modified_gmt":"2015-03-05T05:11:36","slug":"historia","status":"publish","type":"page","link":"http:\/\/tercermilenio.edu.co\/sitio\/la-institucion\/historia\/","title":{"rendered":"Historia"},"content":{"rendered":"<p><img loading=\"lazy\" src=\"http:\/\/tercermilenio.edu.co\/sitio\/wp-content\/uploads\/2015\/02\/institu.png\" alt=\"institu\" width=\"720\" height=\"150\" class=\"aligncenter size-full wp-image-293\" srcset=\"http:\/\/tercermilenio.edu.co\/sitio\/wp-content\/uploads\/2015\/02\/institu.png 720w, http:\/\/tercermilenio.edu.co\/sitio\/wp-content\/uploads\/2015\/02\/institu-300x63.png 300w\" sizes=\"(max-width: 720px) 100vw, 720px\" \/><\/p>\n<p style=\"text-align: justify;\"><img src=\"http:\/\/www.tercermilenio.edu.co\/site\/leonardo\/fachada.jpg\" alt=\"\" border=\"0\" \/> La Instituci\u00f3n Educativa Tercer Milenio se destaca imponente en el municipio de Corozal y no solo por lo que representa actualmente, sino por lo que est\u00e1 llamado a ser dada sus caracter\u00edsticas excepcionales y los grandes ideales que lo animan. Es una entidad educativa de vastas proyecciones de decisivo empuje, de trascendental influencia social que ocupa puesto de avanzada en la educaci\u00f3n integral de sus alumnos.<\/p>\n<p style=\"text-align: justify;\">Fue creado en el a\u00f1o 2000 por iniciativa de las familias Fuentes Julio y Rodr\u00edguez Villamizar, aprobado en el mismo a\u00f1o por Resoluci\u00f3n No. 2363 y en su misi\u00f3n de propugnar una educaci\u00f3n integral en un enfoque humanista y personalista acogi\u00f3 la jornada \u00fanica completa.<br \/>\n<img loading=\"lazy\" src=\"http:\/\/www.tercermilenio.edu.co\/site\/leonardo\/historia1.jpg\" alt=\"\" width=\"127\" height=\"82\" border=\"0\" \/><img loading=\"lazy\" src=\"http:\/\/www.tercermilenio.edu.co\/site\/leonardo\/piscina1.jpg\" alt=\"\" width=\"132\" height=\"86\" border=\"0\" \/><img loading=\"lazy\" src=\"http:\/\/www.tercermilenio.edu.co\/site\/leonardo\/fachada1.jpg\" alt=\"\" width=\"127\" height=\"88\" border=\"0\" \/><img loading=\"lazy\" src=\"http:\/\/www.tercermilenio.edu.co\/site\/leonardo\/fachada2.jpg\" alt=\"\" width=\"127\" height=\"90\" border=\"0\" \/><img src=\"http:\/\/www.tercermilenio.edu.co\/site\/leonardo\/canchafutbol.jpg\" alt=\"\" border=\"0\" \/><br \/>\nConsta de una Sede Central dotada de aulas especializadas para recibir una formaci\u00f3n personalizada, aula de inform\u00e1tica, de l\u00fadica, biblioteca, sala de profesores, comedor, cocina, aula m\u00faltiple, bater\u00edas sanitarias, servicio de bienestar: Psicolog\u00eda, Trabajo Social y Fonoaudiolog\u00eda y una Sede Campestre dotada de zonas verdes para recreaci\u00f3n y deporte, piscina, juegos mec\u00e1nicos, kioscos.<\/p>\n<p style=\"text-align: justify;\">Su plan de estudio impulsa una creciente formaci\u00f3n en valores, art\u00edstica (m\u00fasica, danza, gaita, tuna, teatro-mimos, banda de paz), inform\u00e1tica, desarrollo de la inteligencia en ciencias sociales, ciencias naturales, matem\u00e1tica y lenguaje.<\/p>\n<p style=\"text-align: justify;\">Como innovaci\u00f3n pedag\u00f3gica para responder a los nuevos retos educativos, se desarrollan los siguientes proyectos como eje transversal en todas las \u00e1reas del curr\u00edculo el proyecto de Filosof\u00eda para ni\u00f1os que tiene como objetivo desarrollar procesos y habilidades de pensamiento en los ni\u00f1os mediante la aplicaci\u00f3n de la estrategia pedag\u00f3gica denominada \u201cComunidad de Indagaci\u00f3n\u201d.<\/p>\n","protected":false},"excerpt":{"rendered":"<p>La Instituci\u00f3n Educativa Tercer Milenio se destaca imponente en el municipio de Corozal y no solo por lo que representa actualmente, sino por lo que est\u00e1 llamado a ser dada sus caracter\u00edsticas excepcionales y&#46;&#46;&#46;<\/p>\n","protected":false},"author":1,"featured_media":0,"parent":2,"menu_order":0,"comment_status":"open","ping_status":"open","template":"","meta":{"_mc_calendar":[]},"_links":{"self":[{"href":"http:\/\/tercermilenio.edu.co\/sitio\/wp-json\/wp\/v2\/pages\/48"}],"collection":[{"href":"http:\/\/tercermilenio.edu.co\/sitio\/wp-json\/wp\/v2\/pages"}],"about":[{"href":"http:\/\/tercermilenio.edu.co\/sitio\/wp-json\/wp\/v2\/types\/page"}],"author":[{"embeddable":true,"href":"http:\/\/tercermilenio.edu.co\/sitio\/wp-json\/wp\/v2\/users\/1"}],"replies":[{"embeddable":true,"href":"http:\/\/tercermilenio.edu.co\/sitio\/wp-json\/wp\/v2\/comments?post=48"}],"version-history":[{"count":7,"href":"http:\/\/tercermilenio.edu.co\/sitio\/wp-json\/wp\/v2\/pages\/48\/revisions"}],"predecessor-version":[{"id":296,"href":"http:\/\/tercermilenio.edu.co\/sitio\/wp-json\/wp\/v2\/pages\/48\/revisions\/296"}],"up":[{"embeddable":true,"href":"http:\/\/tercermilenio.edu.co\/sitio\/wp-json\/wp\/v2\/pages\/2"}],"wp:attachment":[{"href":"http:\/\/tercermilenio.edu.co\/sitio\/wp-json\/wp\/v2\/media?parent=48"}],"curies":[{"name":"wp","href":"https:\/\/api.w.org\/{rel}","templated":true}]}}